{"id":272,"date":"2019-12-03T14:28:50","date_gmt":"2019-12-03T14:28:50","guid":{"rendered":"http:\/\/danielpinho.com\/?page_id=272"},"modified":"2019-12-03T14:33:23","modified_gmt":"2019-12-03T14:33:23","slug":"atualizacao","status":"publish","type":"page","link":"https:\/\/danielpinho.com\/","title":{"rendered":"ATUALIZA\u00c7\u00c3O"},"content":{"rendered":"\n<div class=\"wp-block-image\"><figure class=\"aligncenter size-large is-resized\"><img decoding=\"async\" loading=\"lazy\" src=\"http:\/\/danielpinho.com\/wp-content\/uploads\/2013\/03\/Logo02-1001x1024.png\" alt=\"\" class=\"wp-image-18\" width=\"347\" height=\"355\" srcset=\"https:\/\/danielpinho.com\/wp-content\/uploads\/2013\/03\/Logo02-1001x1024.png 1001w, https:\/\/danielpinho.com\/wp-content\/uploads\/2013\/03\/Logo02-293x300.png 293w, https:\/\/danielpinho.com\/wp-content\/uploads\/2013\/03\/Logo02.png 1022w\" sizes=\"(max-width: 347px) 100vw, 347px\" \/><\/figure><\/div>\n\n\n\n<p class=\"has-text-align-center\">Esta p\u00e1gina esta em processo de atualiza\u00e7\u00e3o e constru\u00e7\u00e3o. <\/p>\n","protected":false},"excerpt":{"rendered":"<p>Esta p\u00e1gina esta em processo de atualiza\u00e7\u00e3o e constru\u00e7\u00e3o.<\/p>\n","protected":false},"author":1,"featured_media":0,"parent":0,"menu_order":0,"comment_status":"closed","ping_status":"closed","template":"","meta":[],"_links":{"self":[{"href":"https:\/\/danielpinho.com\/index.php?rest_route=\/wp\/v2\/pages\/272"}],"collection":[{"href":"https:\/\/danielpinho.com\/index.php?rest_route=\/wp\/v2\/pages"}],"about":[{"href":"https:\/\/danielpinho.com\/index.php?rest_route=\/wp\/v2\/types\/page"}],"author":[{"embeddable":true,"href":"https:\/\/danielpinho.com\/index.php?rest_route=\/wp\/v2\/users\/1"}],"replies":[{"embeddable":true,"href":"https:\/\/danielpinho.com\/index.php?rest_route=%2Fwp%2Fv2%2Fcomments&post=272"}],"version-history":[{"count":3,"href":"https:\/\/danielpinho.com\/index.php?rest_route=\/wp\/v2\/pages\/272\/revisions"}],"predecessor-version":[{"id":276,"href":"https:\/\/danielpinho.com\/index.php?rest_route=\/wp\/v2\/pages\/272\/revisions\/276"}],"wp:attachment":[{"href":"https:\/\/danielpinho.com\/index.php?rest_route=%2Fwp%2Fv2%2Fmedia&parent=272"}],"curies":[{"name":"wp","href":"https:\/\/api.w.org\/{rel}","templated":true}]}}